{"id":9,"date":"2023-09-25T12:19:24","date_gmt":"2023-09-25T12:19:24","guid":{"rendered":"http:\/\/daumarzero.com\/?page_id=9"},"modified":"2023-11-22T12:38:43","modified_gmt":"2023-11-22T11:38:43","slug":"sostenibilidad","status":"publish","type":"page","link":"https:\/\/www.daumarzero.com\/en\/","title":{"rendered":"Sostenibilidad"},"content":{"rendered":"<div data-elementor-type=\"wp-page\" data-elementor-id=\"9\" class=\"elementor elementor-9\" data-elementor-post-type=\"page\">\n\t\t\t\t<div class=\"elementor-element elementor-element-6e9c3dc e-con-full e-flex e-con e-parent\" data-id=\"6e9c3dc\" data-element_type=\"container\" data-settings=\"{&quot;background_background&quot;:&quot;video&quot;,&quot;background_video_link&quot;:&quot;https:\\\/\\\/daumar.com\\\/wp-content\\\/uploads\\\/2023\\\/09\\\/Sin-titulo-1650-x-500-px-1650-x-700-px.mp4&quot;,&quot;background_play_on_mobile&quot;:&quot;yes&quot;}\">\n\t\t<div class=\"elementor-background-video-container\">\n\t\t\t\t\t\t\t<video class=\"elementor-background-video-hosted elementor-html5-video\" autoplay muted playsinline loop><\/video>\n\t\t\t\t\t<\/div>\t\t<div class=\"elementor-element elementor-element-8918e7d elementor-invisible elementor-widget elementor-widget-image\" data-id=\"8918e7d\" data-element_type=\"widget\" data-settings=\"{&quot;_animation&quot;:&quot;zoomIn&quot;}\" data-widget_type=\"image.default\">\n\t\t\t\t<div class=\"elementor-widget-container\">\n\t\t\t\t\t\t\t\t\t\t\t\t\t<img decoding=\"async\" width=\"1\" height=\"1\" src=\"https:\/\/www.daumarzero.com\/wp-content\/uploads\/2023\/09\/DAUMAR-ZERO-01.svg\" class=\"attachment-large size-large wp-image-38\" alt=\"\" \/>\t\t\t\t\t\t\t\t\t\t\t\t\t<\/div>\n\t\t\t\t<\/div>\n\t\t\t\t<div class=\"elementor-element elementor-element-8924252 elementor-invisible elementor-widget elementor-widget-heading\" data-id=\"8924252\" data-element_type=\"widget\" data-settings=\"{&quot;_animation&quot;:&quot;zoomIn&quot;,&quot;_animation_delay&quot;:500}\" data-widget_type=\"heading.default\">\n\t\t\t\t<div class=\"elementor-widget-container\">\n\t\t\t<h4 class=\"elementor-heading-title elementor-size-default\">FOR A MORE SUSTAINABLE FUTURE<\/h4>\t\t<\/div>\n\t\t\t\t<\/div>\n\t\t\t\t<\/div>\n\t\t<div class=\"elementor-element elementor-element-94865cf e-con-full e-flex elementor-invisible e-con e-parent\" data-id=\"94865cf\" data-element_type=\"container\" data-settings=\"{&quot;animation&quot;:&quot;fadeInUp&quot;,&quot;animation_delay&quot;:400}\">\n\t\t<div class=\"elementor-element elementor-element-0b08cba e-con-full e-flex elementor-invisible e-con e-child\" data-id=\"0b08cba\" data-element_type=\"container\" data-settings=\"{&quot;animation&quot;:&quot;fadeIn&quot;,&quot;animation_delay&quot;:200}\">\n\t\t<div class=\"elementor-element elementor-element-80c3a3d e-flex e-con-boxed e-con e-child\" data-id=\"80c3a3d\" data-element_type=\"container\">\n\t\t\t\t\t<div class=\"e-con-inner\">\n\t\t\t\t<div class=\"elementor-element elementor-element-64ac1c0 animated-slow elementor-invisible elementor-widget elementor-widget-image\" data-id=\"64ac1c0\" data-element_type=\"widget\" data-settings=\"{&quot;_animation&quot;:&quot;zoomIn&quot;,&quot;_animation_delay&quot;:2000}\" data-widget_type=\"image.default\">\n\t\t\t\t<div class=\"elementor-widget-container\">\n\t\t\t\t\t\t\t\t\t\t\t\t\t<img fetchpriority=\"high\" decoding=\"async\" width=\"682\" height=\"804\" src=\"https:\/\/www.daumarzero.com\/wp-content\/uploads\/2023\/09\/FOTO-BOSSA-EN-ANGLES.jpg\" class=\"attachment-large size-large wp-image-195\" alt=\"\" srcset=\"https:\/\/www.daumarzero.com\/wp-content\/uploads\/2023\/09\/FOTO-BOSSA-EN-ANGLES.jpg 500w, https:\/\/www.daumarzero.com\/wp-content\/uploads\/2023\/09\/FOTO-BOSSA-EN-ANGLES-250x300.jpg 250w, https:\/\/www.daumarzero.com\/wp-content\/uploads\/2023\/09\/FOTO-BOSSA-EN-ANGLES-10x12.jpg 10w\" sizes=\"(max-width: 682px) 100vw, 682px\" \/>\t\t\t\t\t\t\t\t\t\t\t\t\t<\/div>\n\t\t\t\t<\/div>\n\t\t\t\t\t<\/div>\n\t\t\t\t<\/div>\n\t\t<div class=\"elementor-element elementor-element-3da04ee e-flex e-con-boxed e-con e-child\" data-id=\"3da04ee\" data-element_type=\"container\">\n\t\t\t\t\t<div class=\"e-con-inner\">\n\t\t\t\t<div class=\"elementor-element elementor-element-3cc3f81 elementor-invisible elementor-widget elementor-widget-image\" data-id=\"3cc3f81\" data-element_type=\"widget\" data-settings=\"{&quot;_animation&quot;:&quot;zoomIn&quot;,&quot;_animation_delay&quot;:2500}\" data-widget_type=\"image.default\">\n\t\t\t\t<div class=\"elementor-widget-container\">\n\t\t\t\t\t\t\t\t\t\t\t\t\t<img decoding=\"async\" width=\"800\" height=\"997\" src=\"https:\/\/www.daumarzero.com\/wp-content\/uploads\/2023\/09\/FOTO-2-822x1024.jpg\" class=\"attachment-large size-large wp-image-196\" alt=\"\" srcset=\"https:\/\/www.daumarzero.com\/wp-content\/uploads\/2023\/09\/FOTO-2-822x1024.jpg 822w, https:\/\/www.daumarzero.com\/wp-content\/uploads\/2023\/09\/FOTO-2-241x300.jpg 241w, https:\/\/www.daumarzero.com\/wp-content\/uploads\/2023\/09\/FOTO-2-768x957.jpg 768w, https:\/\/www.daumarzero.com\/wp-content\/uploads\/2023\/09\/FOTO-2-1233x1536.jpg 1233w, https:\/\/www.daumarzero.com\/wp-content\/uploads\/2023\/09\/FOTO-2-1643x2048.jpg 1643w\" sizes=\"(max-width: 800px) 100vw, 800px\" \/>\t\t\t\t\t\t\t\t\t\t\t\t\t<\/div>\n\t\t\t\t<\/div>\n\t\t\t\t\t<\/div>\n\t\t\t\t<\/div>\n\t\t<div class=\"elementor-element elementor-element-1f9347c e-flex e-con-boxed e-con e-child\" data-id=\"1f9347c\" data-element_type=\"container\">\n\t\t\t\t\t<div class=\"e-con-inner\">\n\t\t\t\t<div class=\"elementor-element elementor-element-47ccaba elementor-invisible elementor-widget elementor-widget-image\" data-id=\"47ccaba\" data-element_type=\"widget\" data-settings=\"{&quot;_animation&quot;:&quot;zoomIn&quot;,&quot;_animation_delay&quot;:3000}\" data-widget_type=\"image.default\">\n\t\t\t\t<div class=\"elementor-widget-container\">\n\t\t\t\t\t\t\t\t\t\t\t\t\t<img loading=\"lazy\" decoding=\"async\" width=\"708\" height=\"1024\" src=\"https:\/\/www.daumarzero.com\/wp-content\/uploads\/2023\/09\/FOTO-3-708x1024.jpg\" class=\"attachment-large size-large wp-image-197\" alt=\"\" srcset=\"https:\/\/www.daumarzero.com\/wp-content\/uploads\/2023\/09\/FOTO-3-708x1024.jpg 708w, https:\/\/www.daumarzero.com\/wp-content\/uploads\/2023\/09\/FOTO-3-207x300.jpg 207w, https:\/\/www.daumarzero.com\/wp-content\/uploads\/2023\/09\/FOTO-3-768x1111.jpg 768w, https:\/\/www.daumarzero.com\/wp-content\/uploads\/2023\/09\/FOTO-3-1062x1536.jpg 1062w, https:\/\/www.daumarzero.com\/wp-content\/uploads\/2023\/09\/FOTO-3-1416x2048.jpg 1416w, https:\/\/www.daumarzero.com\/wp-content\/uploads\/2023\/09\/FOTO-3-scaled.jpg 1770w\" sizes=\"(max-width: 708px) 100vw, 708px\" \/>\t\t\t\t\t\t\t\t\t\t\t\t\t<\/div>\n\t\t\t\t<\/div>\n\t\t\t\t\t<\/div>\n\t\t\t\t<\/div>\n\t\t\t\t<\/div>\n\t\t<div class=\"elementor-element elementor-element-9b068c6 e-con-full e-flex e-con e-child\" data-id=\"9b068c6\" data-element_type=\"container\">\n\t\t\t\t<div class=\"elementor-element elementor-element-9b5b02a elementor-widget elementor-widget-image\" data-id=\"9b5b02a\" data-element_type=\"widget\" data-widget_type=\"image.default\">\n\t\t\t\t<div class=\"elementor-widget-container\">\n\t\t\t\t\t\t\t\t\t\t\t\t\t<img loading=\"lazy\" decoding=\"async\" width=\"1\" height=\"1\" src=\"https:\/\/www.daumarzero.com\/wp-content\/uploads\/2023\/09\/DAUMAR-ZERO-frase.svg\" class=\"attachment-large size-large wp-image-39\" alt=\"\" \/>\t\t\t\t\t\t\t\t\t\t\t\t\t<\/div>\n\t\t\t\t<\/div>\n\t\t\t\t<\/div>\n\t\t\t\t<\/div>\n\t\t<div class=\"elementor-element elementor-element-a271631 e-con-full animated-slow e-flex elementor-invisible e-con e-parent\" data-id=\"a271631\" data-element_type=\"container\" data-settings=\"{&quot;background_background&quot;:&quot;classic&quot;,&quot;animation&quot;:&quot;fadeIn&quot;}\">\n\t\t\t\t<div class=\"elementor-element elementor-element-c16bfb3 elementor-widget elementor-widget-text-editor\" data-id=\"c16bfb3\" data-element_type=\"widget\" data-widget_type=\"text-editor.default\">\n\t\t\t\t<div class=\"elementor-widget-container\">\n\t\t\t\t\t\t\t<p style=\"font-weight: 400;\"><strong>Complies with PAS 9017:2020 standard | <\/strong><em>Tests carried out by independent laboratories accredited in ISO 17025<\/em><\/p>\t\t\t\t\t\t<\/div>\n\t\t\t\t<\/div>\n\t\t\t\t<\/div>\n\t\t<div class=\"elementor-element elementor-element-c6efba4 e-con-full e-flex elementor-invisible e-con e-parent\" data-id=\"c6efba4\" data-element_type=\"container\" data-settings=\"{&quot;animation&quot;:&quot;fadeInUp&quot;,&quot;animation_delay&quot;:400}\">\n\t\t<div class=\"elementor-element elementor-element-4c99aba e-con-full e-flex e-con e-child\" data-id=\"4c99aba\" data-element_type=\"container\">\n\t\t\t\t<div class=\"elementor-element elementor-element-6cd68fe elementor-widget elementor-widget-image\" data-id=\"6cd68fe\" data-element_type=\"widget\" data-widget_type=\"image.default\">\n\t\t\t\t<div class=\"elementor-widget-container\">\n\t\t\t\t\t\t\t\t\t\t\t\t\t\t<a href=\"http:\/\/daumarzero.com\/wp-content\/uploads\/2023\/09\/Daumar-ZERO-Grafic-01-EN.svg\" data-elementor-open-lightbox=\"yes\" data-e-action-hash=\"#elementor-action%3Aaction%3Dlightbox%26settings%3DeyJpZCI6MjIyLCJ1cmwiOiJodHRwczpcL1wvd3d3LmRhdW1hcnplcm8uY29tXC93cC1jb250ZW50XC91cGxvYWRzXC8yMDIzXC8wOVwvRGF1bWFyLVpFUk8tR3JhZmljLTAxLTIuc3ZnIn0%3D\">\n\t\t\t\t\t\t\t<img loading=\"lazy\" decoding=\"async\" width=\"416\" height=\"317\" src=\"https:\/\/www.daumarzero.com\/wp-content\/uploads\/2023\/09\/Daumar-ZERO-Grafic-01-EN.svg\" class=\"attachment-large size-large wp-image-222\" alt=\"\" \/>\t\t\t\t\t\t\t\t<\/a>\n\t\t\t\t\t\t\t\t\t\t\t\t\t<\/div>\n\t\t\t\t<\/div>\n\t\t\t\t<\/div>\n\t\t<div class=\"elementor-element elementor-element-a17de8a e-con-full e-flex e-con e-child\" data-id=\"a17de8a\" data-element_type=\"container\">\n\t\t\t\t<div class=\"elementor-element elementor-element-25c3c84 elementor-invisible elementor-widget elementor-widget-text-editor\" data-id=\"25c3c84\" data-element_type=\"widget\" data-settings=\"{&quot;_animation&quot;:&quot;fadeIn&quot;,&quot;_animation_delay&quot;:500}\" data-widget_type=\"text-editor.default\">\n\t\t\t\t<div class=\"elementor-widget-container\">\n\t\t\t\t\t\t\t<h4 style=\"font-weight: 400;\">Over 72% of plastic packaging produced annually  end up in the environment or in landfills.<\/h4>\n<p style=\"font-weight: 400;\">DAUMAR creates <span style=\"width: 120px;\"><img decoding=\"async\" src=\"http:\/\/daumarzero.com\/wp-content\/uploads\/2023\/09\/DAUMAR-ZERO-01.svg\" style=\"max-width: 130px !important; margin-left: -3px; margin-right:-3px; padding-top: 10px; position: relative; top: 6px;\"><\/span>, a fully recyclable mono-material packaging that, through innovation and cutting-edge technology, allows the packaging to disappear completely and safely into Nature if they leak out the recycling stream.<\/p>\t\t\t\t\t\t<\/div>\n\t\t\t\t<\/div>\n\t\t\t\t<div class=\"elementor-element elementor-element-8794b0f elementor-widget elementor-widget-image\" data-id=\"8794b0f\" data-element_type=\"widget\" data-widget_type=\"image.default\">\n\t\t\t\t<div class=\"elementor-widget-container\">\n\t\t\t\t\t\t\t\t\t\t\t\t\t<img loading=\"lazy\" decoding=\"async\" width=\"1\" height=\"1\" src=\"https:\/\/www.daumarzero.com\/wp-content\/uploads\/2023\/09\/DAUMAR-ZERO-frase-eng.svg\" class=\"attachment-large size-large wp-image-158\" alt=\"\" \/>\t\t\t\t\t\t\t\t\t\t\t\t\t<\/div>\n\t\t\t\t<\/div>\n\t\t\t\t<\/div>\n\t\t\t\t<\/div>\n\t\t<div class=\"elementor-element elementor-element-3775b0f e-flex e-con-boxed e-con e-parent\" data-id=\"3775b0f\" data-element_type=\"container\">\n\t\t\t\t\t<div class=\"e-con-inner\">\n\t\t\t\t<div class=\"elementor-element elementor-element-f4fcc18 elementor-invisible elementor-widget elementor-widget-heading\" data-id=\"f4fcc18\" data-element_type=\"widget\" data-settings=\"{&quot;_animation&quot;:&quot;fadeIn&quot;}\" data-widget_type=\"heading.default\">\n\t\t\t\t<div class=\"elementor-widget-container\">\n\t\t\t<h2 class=\"elementor-heading-title elementor-size-default\">How does it work?<\/h2>\t\t<\/div>\n\t\t\t\t<\/div>\n\t\t\t\t<div class=\"elementor-element elementor-element-6f4dc3b animated-slow elementor-invisible elementor-widget elementor-widget-image\" data-id=\"6f4dc3b\" data-element_type=\"widget\" data-settings=\"{&quot;_animation&quot;:&quot;fadeIn&quot;}\" data-widget_type=\"image.default\">\n\t\t\t\t<div class=\"elementor-widget-container\">\n\t\t\t\t\t\t\t\t\t\t\t\t\t\t<a href=\"http:\/\/daumarzero.com\/wp-content\/uploads\/2023\/09\/Daumar-ZERO-Grafic02-en.svg\" data-elementor-open-lightbox=\"yes\" data-e-action-hash=\"#elementor-action%3Aaction%3Dlightbox%26settings%3DeyJpZCI6MjYxLCJ1cmwiOiJodHRwczpcL1wvd3d3LmRhdW1hcnplcm8uY29tXC93cC1jb250ZW50XC91cGxvYWRzXC8yMDIzXC8wOVwvRGF1bWFyLVpFUk8tR3JhZmljLTAyLTIuc3ZnIn0%3D\">\n\t\t\t\t\t\t\t<img loading=\"lazy\" decoding=\"async\" width=\"800\" height=\"335\" src=\"https:\/\/www.daumarzero.com\/wp-content\/uploads\/2023\/09\/Daumar-ZERO-Grafic02-en.svg\" class=\"attachment-large size-large wp-image-261\" alt=\"daumar zero biodegradable reciclaje\" \/>\t\t\t\t\t\t\t\t<\/a>\n\t\t\t\t\t\t\t\t\t\t\t\t\t<\/div>\n\t\t\t\t<\/div>\n\t\t\t\t\t<\/div>\n\t\t\t\t<\/div>\n\t\t<div class=\"elementor-element elementor-element-aba468f e-con-full e-flex elementor-invisible e-con e-parent\" data-id=\"aba468f\" data-element_type=\"container\" data-settings=\"{&quot;animation&quot;:&quot;fadeInUp&quot;,&quot;animation_delay&quot;:400}\">\n\t\t<div class=\"elementor-element elementor-element-0890dff e-con-full e-flex e-con e-child\" data-id=\"0890dff\" data-element_type=\"container\">\n\t\t\t\t<div class=\"elementor-element elementor-element-a462b00 elementor-widget elementor-widget-heading\" data-id=\"a462b00\" data-element_type=\"widget\" data-widget_type=\"heading.default\">\n\t\t\t\t<div class=\"elementor-widget-container\">\n\t\t\t<h2 class=\"elementor-heading-title elementor-size-default\">Commited to <br>sustainable development<\/h2>\t\t<\/div>\n\t\t\t\t<\/div>\n\t\t\t\t<div class=\"elementor-element elementor-element-e8e4fa8 elementor-invisible elementor-widget elementor-widget-text-editor\" data-id=\"e8e4fa8\" data-element_type=\"widget\" data-settings=\"{&quot;_animation&quot;:&quot;fadeIn&quot;,&quot;_animation_delay&quot;:500}\" data-widget_type=\"text-editor.default\">\n\t\t\t\t<div class=\"elementor-widget-container\">\n\t\t\t\t\t\t\t<p>In the DAUMAR group, for more than 70 years, we are committed to the Environment and sustainable development. This is why, at DAUMAR, we constantly invest and research in innovative solutions that advocate for the reduction of materials harmful to the environment.<\/p><p>The entire DAUMAR team is sensitive to these new demands, and we continually work in the same direction in the search for new solutions that are less intrusive for our environment.<\/p>\t\t\t\t\t\t<\/div>\n\t\t\t\t<\/div>\n\t\t\t\t<div class=\"elementor-element elementor-element-b70219f elementor-widget-divider--view-line elementor-widget elementor-widget-divider\" data-id=\"b70219f\" data-element_type=\"widget\" data-widget_type=\"divider.default\">\n\t\t\t\t<div class=\"elementor-widget-container\">\n\t\t\t\t\t<div class=\"elementor-divider\">\n\t\t\t<span class=\"elementor-divider-separator\">\n\t\t\t\t\t\t<\/span>\n\t\t<\/div>\n\t\t\t\t<\/div>\n\t\t\t\t<\/div>\n\t\t\t\t<\/div>\n\t\t<div class=\"elementor-element elementor-element-b3a651d e-con-full e-flex e-con e-child\" data-id=\"b3a651d\" data-element_type=\"container\">\n\t\t\t\t<div class=\"elementor-element elementor-element-21e17c4 elementor-invisible elementor-widget elementor-widget-text-editor\" data-id=\"21e17c4\" data-element_type=\"widget\" data-settings=\"{&quot;_animation&quot;:&quot;fadeIn&quot;,&quot;_animation_delay&quot;:500}\" data-widget_type=\"text-editor.default\">\n\t\t\t\t<div class=\"elementor-widget-container\">\n\t\t\t\t\t\t\t<p>Basically, our main principles in this regard include the following:<\/p>\t\t\t\t\t\t<\/div>\n\t\t\t\t<\/div>\n\t\t\t\t<div class=\"elementor-element elementor-element-83430e2 elementor-icon-list--layout-traditional elementor-list-item-link-full_width elementor-widget elementor-widget-icon-list\" data-id=\"83430e2\" data-element_type=\"widget\" data-widget_type=\"icon-list.default\">\n\t\t\t\t<div class=\"elementor-widget-container\">\n\t\t\t\t\t<ul class=\"elementor-icon-list-items\">\n\t\t\t\t\t\t\t<li class=\"elementor-icon-list-item\">\n\t\t\t\t\t\t\t\t\t\t\t<span class=\"elementor-icon-list-icon\">\n\t\t\t\t\t\t\t<i aria-hidden=\"true\" class=\"fas fa-check\"><\/i>\t\t\t\t\t\t<\/span>\n\t\t\t\t\t\t\t\t\t\t<span class=\"elementor-icon-list-text\">Environmental plan<\/span>\n\t\t\t\t\t\t\t\t\t<\/li>\n\t\t\t\t\t\t\t\t<li class=\"elementor-icon-list-item\">\n\t\t\t\t\t\t\t\t\t\t\t<span class=\"elementor-icon-list-icon\">\n\t\t\t\t\t\t\t<i aria-hidden=\"true\" class=\"fas fa-check\"><\/i>\t\t\t\t\t\t<\/span>\n\t\t\t\t\t\t\t\t\t\t<span class=\"elementor-icon-list-text\">Minimization of energy and resources<\/span>\n\t\t\t\t\t\t\t\t\t<\/li>\n\t\t\t\t\t\t\t\t<li class=\"elementor-icon-list-item\">\n\t\t\t\t\t\t\t\t\t\t\t<span class=\"elementor-icon-list-icon\">\n\t\t\t\t\t\t\t<i aria-hidden=\"true\" class=\"fas fa-check\"><\/i>\t\t\t\t\t\t<\/span>\n\t\t\t\t\t\t\t\t\t\t<span class=\"elementor-icon-list-text\">Minimization of emissions into the atmosphere<\/span>\n\t\t\t\t\t\t\t\t\t<\/li>\n\t\t\t\t\t\t\t\t<li class=\"elementor-icon-list-item\">\n\t\t\t\t\t\t\t\t\t\t\t<span class=\"elementor-icon-list-icon\">\n\t\t\t\t\t\t\t<i aria-hidden=\"true\" class=\"fas fa-check\"><\/i>\t\t\t\t\t\t<\/span>\n\t\t\t\t\t\t\t\t\t\t<span class=\"elementor-icon-list-text\">Maximize the reuse of our byproducts<\/span>\n\t\t\t\t\t\t\t\t\t<\/li>\n\t\t\t\t\t\t\t\t<li class=\"elementor-icon-list-item\">\n\t\t\t\t\t\t\t\t\t\t\t<span class=\"elementor-icon-list-icon\">\n\t\t\t\t\t\t\t<i aria-hidden=\"true\" class=\"fas fa-check\"><\/i>\t\t\t\t\t\t<\/span>\n\t\t\t\t\t\t\t\t\t\t<span class=\"elementor-icon-list-text\">Selective waste collection<\/span>\n\t\t\t\t\t\t\t\t\t<\/li>\n\t\t\t\t\t\t\t\t<li class=\"elementor-icon-list-item\">\n\t\t\t\t\t\t\t\t\t\t\t<span class=\"elementor-icon-list-icon\">\n\t\t\t\t\t\t\t<i aria-hidden=\"true\" class=\"fas fa-check\"><\/i>\t\t\t\t\t\t<\/span>\n\t\t\t\t\t\t\t\t\t\t<span class=\"elementor-icon-list-text\">Compliance with current environmental legislation at all times<\/span>\n\t\t\t\t\t\t\t\t\t<\/li>\n\t\t\t\t\t\t<\/ul>\n\t\t\t\t<\/div>\n\t\t\t\t<\/div>\n\t\t\t\t<\/div>\n\t\t\t\t<\/div>\n\t\t\t\t<\/div>","protected":false},"excerpt":{"rendered":"<p>POR UN FUTURO M\u00c1S SOSTENIBLE Cumple con el est\u00e1ndar PAS 9017:2020 | Ensayos realizados por laboratorios independientes acreditados en ISO 17025 El 72% de los envases pl\u00e1sticos producidos cada a\u00f1o acaban en el medio ambiente o en vertederos. DAUMAR crea , una l\u00ednea de envases totalmente reciclables que, a trav\u00e9s de una tecnolog\u00eda puntera, logra [&hellip;]<\/p>","protected":false},"author":1,"featured_media":0,"parent":0,"menu_order":0,"comment_status":"closed","ping_status":"closed","template":"elementor_header_footer","meta":{"footnotes":""},"class_list":["post-9","page","type-page","status-publish","hentry"],"_links":{"self":[{"href":"https:\/\/www.daumarzero.com\/en\/wp-json\/wp\/v2\/pages\/9"}],"collection":[{"href":"https:\/\/www.daumarzero.com\/en\/wp-json\/wp\/v2\/pages"}],"about":[{"href":"https:\/\/www.daumarzero.com\/en\/wp-json\/wp\/v2\/types\/page"}],"author":[{"embeddable":true,"href":"https:\/\/www.daumarzero.com\/en\/wp-json\/wp\/v2\/users\/1"}],"replies":[{"embeddable":true,"href":"https:\/\/www.daumarzero.com\/en\/wp-json\/wp\/v2\/comments?post=9"}],"version-history":[{"count":163,"href":"https:\/\/www.daumarzero.com\/en\/wp-json\/wp\/v2\/pages\/9\/revisions"}],"predecessor-version":[{"id":326,"href":"https:\/\/www.daumarzero.com\/en\/wp-json\/wp\/v2\/pages\/9\/revisions\/326"}],"wp:attachment":[{"href":"https:\/\/www.daumarzero.com\/en\/wp-json\/wp\/v2\/media?parent=9"}],"curies":[{"name":"wp","href":"https:\/\/api.w.org\/{rel}","templated":true}]}}