{"id":73,"date":"2023-09-26T07:39:06","date_gmt":"2023-09-26T07:39:06","guid":{"rendered":"http:\/\/daumarzero.com\/?page_id=73"},"modified":"2023-09-28T14:57:26","modified_gmt":"2023-09-28T14:57:26","slug":"politica-de-privacidad","status":"publish","type":"page","link":"https:\/\/www.daumarzero.com\/en\/politica-de-privacidad\/","title":{"rendered":"Pol\u00edtica de privacidad"},"content":{"rendered":"<div data-elementor-type=\"wp-page\" data-elementor-id=\"73\" class=\"elementor elementor-73\" data-elementor-post-type=\"page\">\n\t\t\t\t<div class=\"elementor-element elementor-element-2de35a3 e-con-full e-flex e-con e-parent\" data-id=\"2de35a3\" data-element_type=\"container\">\n\t\t\t\t<div class=\"elementor-element elementor-element-7a73cd9 elementor-widget elementor-widget-heading\" data-id=\"7a73cd9\" data-element_type=\"widget\" data-widget_type=\"heading.default\">\n\t\t\t\t<div class=\"elementor-widget-container\">\n\t\t\t<h3 class=\"elementor-heading-title elementor-size-default\">Pol\u00edtica de privacidad<\/h3>\t\t<\/div>\n\t\t\t\t<\/div>\n\t\t\t\t<div class=\"elementor-element elementor-element-9a75e19 elementor-widget elementor-widget-text-editor\" data-id=\"9a75e19\" data-element_type=\"widget\" data-widget_type=\"text-editor.default\">\n\t\t\t\t<div class=\"elementor-widget-container\">\n\t\t\t\t\t\t\t<p><strong>Identificaci\u00f3n<\/strong><\/p><p>Talleres Daumar, S.L., es una sociedad de nacionalidad espa\u00f1ola con domicilio social en Pol. Ind. Campo An\u00edbal \u2013 C\/ Barranc Pascual, 41, 46530 Pu\u00e7ol (Valencia) Espa\u00f1a.<br \/>Tel\u00e9fono: 93 8793 60 26 y con C.I.F. B-08463424.<\/p><h3>1.- Informaci\u00f3n al usuario<\/h3><p>TALLERES DAUMAR SL informa a los usuarios del sitio web sobre su pol\u00edtica respecto del tratamiento y protecci\u00f3n de los datos de car\u00e1cter personal de los usuarios y clientes.<\/p><p>TALLERES DAUMAR SL es el Responsable del tratamiento de los datos personales del Usuario y le informa que estos datos ser\u00e1n tratados de conformidad con lo dispuesto en las normativas vigentes en materia de protecci\u00f3n de datos personales.<\/p><p>Se informa que, conforme a \u00e9sta, se garantiza al interesado el ejercicio de los derechos de acceso, rectificaci\u00f3n, cancelaci\u00f3n, oposici\u00f3n, portabilidad, olvido y limitaci\u00f3n de los datos que le conciernen, debiendo, para ello, dirigirse mediante comunicaci\u00f3n escrita a la siguiente direcci\u00f3n electr\u00f3nica: data.protection@daumar.com. El tratamiento de datos de car\u00e1cter personal se lleva a cabo bajo las debidas condiciones de seguridad y secreto profesional, por el per\u00edodo que resulte necesario para la finalidad para la que son recabados y tratados, y en las condiciones a continuaci\u00f3n se\u00f1aladas.<\/p><h3>2.- Informaci\u00f3n del tratamiento<\/h3><p>Seg\u00fan lo dispuesto en el Reglamento General de Protecci\u00f3n de Datos de la UE, el usuario debe recibir informaci\u00f3n puntual y concreta del responsable del tratamiento y los usos y fines del mismo. Para ello, se indica la siguiente informaci\u00f3n:<\/p><p><strong>Informaci\u00f3n b\u00e1sica en materia de protecci\u00f3n de datos de car\u00e1cter personal<\/strong><\/p><table><tbody><tr><td width=\"300px\"><strong>1.Responsable del tratamiento<\/strong><\/td><td><strong>TALLERES DAUMAR SL<\/strong><\/td><\/tr><tr><td><strong>2. Finalidad del tratamiento<\/strong><\/td><td><p>Contactar con el usuario interesado para facilitarle la informaci\u00f3n solicitada y, en caso de suscripci\u00f3n, enviar al interesado informaci\u00f3n de ofertas, promociones, y servicios por coreo electr\u00f3nico y\/o sms. La informaci\u00f3n se conservar\u00e1 durante 5 a\u00f1os, o mientras dure la suscripci\u00f3n al env\u00edo de informaci\u00f3n comercial.<br \/>Tratar los datos del candidato a incorporarse a Talleres Daumar como empleado. La informaci\u00f3n se conservar\u00e1 durante 2 a\u00f1os.<\/p><\/td><\/tr><tr><td><strong>3.Legitimaci\u00f3n del tratamiento<\/strong><\/td><td><p>Consentimiento del interesado<\/p><\/td><\/tr><tr><td><strong>4. Destinatarios de cesiones<\/strong><\/td><td><p>Sus datos no ser\u00e1n cedidos a terceros<\/p><\/td><\/tr><tr><td><strong>5. Derechos de las personas interesadas<\/strong><\/td><td><p>El interesado tiene derecho a oponerse al tratamiento de los datos, a acceder, rectificar y suprimir los datos, as\u00ed como otros derechos, conforme se explicar\u00e1 en la informaci\u00f3n adicional.<\/p><\/td><\/tr><\/tbody><\/table><p><strong>Informaci\u00f3n adicional en materia de protecci\u00f3n de datos de car\u00e1cter personal<\/strong><\/p><p><strong>1. \u2013 Responsable del tratamiento<\/strong><\/p><p>Identidad: TALLERES DAUMAR SL<br \/>CIF: B-08463424<br \/>Direcci\u00f3n postal: Llu\u00eds Companys, 13-15, 08339 VILASSAR DE DALT (BARCELONA)<br \/>Correo electr\u00f3nico: data.protection@daumar.com<\/p><p>EMPRESAS QUE PERTENECEN AL GRUPO TALLERES DAUMAR S.L.<\/p><p>DENOMINACI\u00d3N SOCIAL<\/p><table><tbody><tr><td><strong>DENOMINACI\u00d3N SOCIAL<\/strong><\/td><td><strong>CIF<\/strong><\/td><td><strong>DIRECCI\u00d3N<\/strong><\/td><\/tr><tr><td>GRAFICAS DE LLINARS S.L.U\u00a0 \u00a0 \u00a0 \u00a0 \u00a0 \u00a0\u00a0<\/td><td>B63677223\u00a0 \u00a0 \u00a0 \u00a0 \u00a0 \u00a0 \u00a0 \u00a0<\/td><td><p>Sector Ind. Can T\u00e0pies C\/Oceania,8 nave 1<br \/>08459 Sant Antoni de Vilamajor<\/p><\/td><\/tr><tr><td>EXTRUFILM S.L<\/td><td>B62153150<\/td><td><p>Antoni T\u00e0pies 3 \u00a0Pol.Ind. Ca n\u2019Humet de Dalt<br \/>08213 POLINY\u00c0<\/p><\/td><\/tr><tr><td>TALLERES PRODEMAR S.L.U<\/td><td>B65205874<\/td><td><p>Av. Llu\u00eds Companys 13-15 08339 Vilassar de Dalt.<\/p><\/td><\/tr><\/tbody><\/table><p>EMPRESAS ESTRANJERO<\/p><table><tbody><tr><td><strong>DENOMINACI\u00d3N SOCIAL<\/strong><\/td><td><strong>PA\u00cdS<\/strong><\/td><td><strong>DIRECCI\u00d3N<\/strong><\/td><\/tr><tr><td>DAUMAR CORP\u00a0 \u00a0 \u00a0 \u00a0 \u00a0\u00a0<\/td><td>USA\u00a0 \u00a0 \u00a0 \u00a0 \u00a0 \u00a0 \u00a0 \u00a0 \u00a0 \u00a0 \u00a0 \u00a0\u00a0<\/td><td><p>12395 SW 130 STREET, Unit 106, MIAMI, FL 33186<\/p><\/td><\/tr><tr><td>DAUMAR INDUSTRIES CORP\u00a0 \u00a0 \u00a0 \u00a0 \u00a0 \u00a0 \u00a0\u00a0<\/td><td>USA<\/td><td><p>12395 SW 130 STREET, Unit 106, MIAMI, FL 33186<\/p><\/td><\/tr><tr><td>DAUMAR Ltd.<\/td><td>UK<\/td><td><p>7 METRO CENTRE, SHREWBURY AVENUE, GB-PE27UH UNITED KINGDOM<\/p><\/td><\/tr><\/tbody><\/table><p><strong>2. \u2013 Finalidad del tratamiento<\/strong><\/p><p><strong>2.1- Finalidad del tratamiento<\/strong><br \/>En TALLERES DAUMAR SL tratamos la informaci\u00f3n que nos facilitan las personas interesadas con el fin de poder contactar con ellos para ofrecerles la informaci\u00f3n solicitada acerca de nuestros servicios y, en caso de consentirlo, el env\u00edo de comunicaciones comerciales<\/p><p><strong>2.2- Plazo de conservaci\u00f3n de sus datos<\/strong><br \/>Los datos personales se conservar\u00e1n durante el plazo indicado en \u201cFinalidad del Tratamiento\u201d, siempre que no haya ejercitado su derecho de supresi\u00f3n u oposici\u00f3n, o bien mientras dure la suscripci\u00f3n al env\u00edo de publicidad. Todo ello sin perjuicio de los plazos m\u00e1s amplios que pudiere establecerse por disposici\u00f3n normativa o reglamentaria.<\/p><p><strong>3.- Legitimaci\u00f3n del tratamiento<\/strong><\/p><p>Mediante la aceptaci\u00f3n de las presentes condiciones, Usted presta consentimiento a que TALLERES DAUMAR SL trate sus datos para contactar con Usted y facilitarle la informaci\u00f3n que ha solicitado a trav\u00e9s de nuestra web y, en caso de que as\u00ed lo consienta marcando la correspondiente casilla, para enviarle peri\u00f3dicamente informaci\u00f3n sobre nuestros productos y servicios.<\/p><p><strong>4.- Destinatarios de cesiones o transferencias<\/strong><\/p><p>Sus datos no ser\u00e1n objeto de cesi\u00f3n alguna.<\/p><p><strong>5.- Derechos de las personas interesadas<\/strong><\/p><p>Cualquier interesado tiene derecho a obtener confirmaci\u00f3n sobre si en TALLERES DAUMAR SL estamos tratando datos personales que les conciernen, o no. Las personas interesadas tiene derecho a acceder a sus datos personales, as\u00ed como a solicitar la rectificaci\u00f3n de los datos inexactos o, en su caso, solicitar su supresi\u00f3n cuando, entre otros motivos, los datos ya no fueran necesarios para los fines que fueron recogidos. En determinadas circunstancias, los interesados podr\u00e1n solicitar la limitaci\u00f3n del tratamiento de sus datos y, en cualquier momento, a oponerse al tratamiento de sus datos.<\/p><p>Para el ejercicio de los derechos reconocidos, el interesado podr\u00e1 ponerse en contacto a trav\u00e9s de la direcci\u00f3n de correo electr\u00f3nico o direcci\u00f3n postal indicados en el primer p\u00e1rrafo.<\/p><p>Finalmente, Usted, especialmente cuando no haya obtenido satisfacci\u00f3n en el ejercicio de sus derechos, tiene derecho a presentar reclamaci\u00f3n ante la autoridad nacional de control, a estos efectos debe dirigirse a la AGENCIA ESPA\u00d1OLA DE PROTECCI\u00d3N DE DATOS.<\/p><h3>3.- Medidas de seguridad<\/h3><p>Que de conformidad con lo dispuesto en las normativas vigentes en materia de protecci\u00f3n de datos personales, TALLERES DAUMAR SL est\u00e1 cumpliendo con todas las obligaciones establecidas para el tratamiento de los datos personales de su responsabilidad, los cuales son tratados de manera l\u00edcita, leal y transparente en relaci\u00f3n con el interesado y adecuados, pertinentes y limitados a lo necesario en relaci\u00f3n con los fines para los que son tratados.<\/p><p>TALLERES DAUMAR SL garantiza que ha implementado pol\u00edticas t\u00e9cnicas y organizativas apropiadas para aplicar las medidas de seguridad que establecen el RGPD y normativa vigente en protecci\u00f3n de datos de car\u00e1cter personal con el fin de proteger los derechos y libertades de los Usuarios y les ha comunicado la informaci\u00f3n adecuada para que puedan ejercerlos.<\/p>\t\t\t\t\t\t<\/div>\n\t\t\t\t<\/div>\n\t\t\t\t<\/div>\n\t\t\t\t<\/div>","protected":false},"excerpt":{"rendered":"<p>Pol\u00edtica de privacidad Identificaci\u00f3n Talleres Daumar, S.L., es una sociedad de nacionalidad espa\u00f1ola con domicilio social en Pol. Ind. Campo An\u00edbal \u2013 C\/ Barranc Pascual, 41, 46530 Pu\u00e7ol (Valencia) Espa\u00f1a.Tel\u00e9fono: 93 8793 60 26 y con C.I.F. B-08463424. 1.- Informaci\u00f3n al usuario TALLERES DAUMAR SL informa a los usuarios del sitio web sobre su pol\u00edtica [&hellip;]<\/p>","protected":false},"author":1,"featured_media":0,"parent":0,"menu_order":0,"comment_status":"closed","ping_status":"closed","template":"elementor_header_footer","meta":{"footnotes":""},"class_list":["post-73","page","type-page","status-publish","hentry"],"_links":{"self":[{"href":"https:\/\/www.daumarzero.com\/en\/wp-json\/wp\/v2\/pages\/73"}],"collection":[{"href":"https:\/\/www.daumarzero.com\/en\/wp-json\/wp\/v2\/pages"}],"about":[{"href":"https:\/\/www.daumarzero.com\/en\/wp-json\/wp\/v2\/types\/page"}],"author":[{"embeddable":true,"href":"https:\/\/www.daumarzero.com\/en\/wp-json\/wp\/v2\/users\/1"}],"replies":[{"embeddable":true,"href":"https:\/\/www.daumarzero.com\/en\/wp-json\/wp\/v2\/comments?post=73"}],"version-history":[{"count":13,"href":"https:\/\/www.daumarzero.com\/en\/wp-json\/wp\/v2\/pages\/73\/revisions"}],"predecessor-version":[{"id":244,"href":"https:\/\/www.daumarzero.com\/en\/wp-json\/wp\/v2\/pages\/73\/revisions\/244"}],"wp:attachment":[{"href":"https:\/\/www.daumarzero.com\/en\/wp-json\/wp\/v2\/media?parent=73"}],"curies":[{"name":"wp","href":"https:\/\/api.w.org\/{rel}","templated":true}]}}