{"id":64,"date":"2023-09-26T07:35:25","date_gmt":"2023-09-26T07:35:25","guid":{"rendered":"http:\/\/daumarzero.com\/?page_id=64"},"modified":"2023-09-28T14:57:49","modified_gmt":"2023-09-28T14:57:49","slug":"aviso-legal","status":"publish","type":"page","link":"https:\/\/www.daumarzero.com\/en\/aviso-legal\/","title":{"rendered":"Aviso legal"},"content":{"rendered":"<div data-elementor-type=\"wp-page\" data-elementor-id=\"64\" class=\"elementor elementor-64\" data-elementor-post-type=\"page\">\n\t\t\t\t<div class=\"elementor-element elementor-element-58129fd e-con-full e-flex e-con e-parent\" data-id=\"58129fd\" data-element_type=\"container\">\n\t\t\t\t<div class=\"elementor-element elementor-element-4901226 elementor-widget elementor-widget-heading\" data-id=\"4901226\" data-element_type=\"widget\" data-widget_type=\"heading.default\">\n\t\t\t\t<div class=\"elementor-widget-container\">\n\t\t\t<h1 class=\"elementor-heading-title elementor-size-default\">Aviso legal<\/h1>\t\t<\/div>\n\t\t\t\t<\/div>\n\t\t\t\t<div class=\"elementor-element elementor-element-bbcc2ae elementor-widget elementor-widget-text-editor\" data-id=\"bbcc2ae\" data-element_type=\"widget\" data-widget_type=\"text-editor.default\">\n\t\t\t\t<div class=\"elementor-widget-container\">\n\t\t\t\t\t\t\t<h3>1.- Informaci\u00f3n relativa cumplimiento art\u00edculo 10 LSSICE<\/h3><p>El presente portal Web y todo su contenido, incluido los servicios prestados pertenece a Talleres Daumar, S.L. CIF: B-08463424 con Domicilio Social en Pol. Ind. Campo An\u00edbal \u2013 C\/ Barranc Pascual, 41, 46530 Pu\u00e7ol (Valencia) Espa\u00f1a. Inscrita en el Registro Mercantil de Valencia: Tomo 10426, Libro 7707, Folio 42, Hoja V-179615. con Telf: +34 937 509 431 y email de contacto sales@daumar.com<\/p><h3>2.- Propiedad Intelectual y responsabilidad sobre los contenidos<\/h3><p>2.1 Queda prohibido cualquier uso de los contenidos de la p\u00e1gina web, concretamente sobre los textos, dise\u00f1o y c\u00f3digo fuente, sin la autorizaci\u00f3n expresa de sus titulares. Cualquier uso no permitido ser\u00e1 debidamente perseguido por los leg\u00edtimos propietarios.<\/p><p>2.2 El titular de la p\u00e1gina web no se hace responsable de los contenidos a los que se dirigen los enlaces ubicados en \u00e9sta, seg\u00fan lo que establece el art\u00edculo 17 de la LSSICE.<\/p><p>2.3 Las descripciones y prestaciones de los productos y servicios expuestos en esta p\u00e1gina web son meramente orientativos, pueden sufrir modificaciones en cualquier momento y no representan ninguna responsabilidad contractual por parte del titular de la p\u00e1gina. Talleres Daumar, S.L. no se responsabiliza de ning\u00fan da\u00f1o o perjuicio sufrido por el usuario que se derive del acceso a esta p\u00e1gina Web o del uso de informaci\u00f3n o aplicaciones en ella contenidos.<\/p><h3>3.- Protecci\u00f3n de datos Personales<\/h3><p>En cumplimiento de lo dispuesto en el Reglamento (UE) 2016\/679 del Parlamento Europeo y del Consejo, de 27 de Abril de 2016 (en adelante RGPD), le informamos que los datos personales que nos facilite ser\u00e1n tratados de forma confidencial e incorporados a ficheros automatizados titularidad de TALLERES DAUMAR S.L., para la eficaz gesti\u00f3n de su petici\u00f3n y con el fin de facilitarle informaci\u00f3n sobre los productos y servicios que comercializa esta empresa y sobre las mejoras de este sitio Web.<\/p><p>En daumar.com hemos adoptado todas las medidas necesarias para garantizar la m\u00e1xima seguridad y confidencialidad en el tratamiento de sus datos de car\u00e1cter personal.<\/p><p>Para navegar por daumar.com, no necesita suministrar ning\u00fan dato personal. Puede, por tanto, hacer una visita totalmente an\u00f3nima.<\/p><p>Sobre estos datos personales, podr\u00e1 ejercitar los derechos de acceso, rectificaci\u00f3n, oposici\u00f3n y cancelaci\u00f3n enviando un correo electr\u00f3nico a data.protection@daumar.com, indicando Baja en el campo asunto.<\/p><h3>4.- Cookies<\/h3><p>El sitio web del prestador puede utilizar cookies (peque\u00f1os archivos de informaci\u00f3n que el servidor env\u00eda al ordenador de quien accede en la p\u00e1gina) para llevar a cabo determinadas funciones que son consideradas imprescindibles para el correcto funcionamiento y visualizaci\u00f3n del lugar.<\/p><p>Las cookies utilizadas tienen, en todo caso, car\u00e1cter temporal, con la \u00fanica finalidad de hacer m\u00e1s eficaz la navegaci\u00f3n, y desaparecen al acabar la sesi\u00f3n del usuario. En ning\u00fan caso se utilizar\u00e1n las cookies para recoger informaci\u00f3n de car\u00e1cter personal. Para m\u00e1s informaci\u00f3n, ver nuestra Pol\u00edtica de Cookies.<\/p><h3>5.- Legislaci\u00f3n aplicable y jurisdicci\u00f3n competente<\/h3><p>Las presentes condiciones de uso restan sujetas a lo establecido en las leyes espa\u00f1olas, para cualquier conflicto derivado de la interpretaci\u00f3n de las mismas, las partes se someten a la jurisdicci\u00f3n de los Tribunales de la ciudad de Barcelona.<\/p><p>Todo el equipo humano de Daumar es sensible a estas nuevas exigencias, y trabajamos continuamente en la b\u00fasqueda de nuevas propuestas que sean menos intrusivas con el entorno. Como resultado hemos desarrollado un nuevo y revolucionario envase, que adem\u00e1s de ser 100% reciclable es el m\u00e1s ligero del mercado.<\/p><p>Resoluci\u00f3n optimitzada a 1024 x 768 px.<\/p><p><strong>Datos fiscales<\/strong><\/p><ul><li>TALLERES DAUMAR, S.L.<\/li><li>Avinguda Llu\u00eds Companys, 13-15 08339, Vilassar de Dalt<\/li><li>CIF: B08463424<\/li><li>E-mail: sales@daumar.com<\/li><li>Tel. : 93 793 60 26<\/li><li>Inscrita en el Registro Mercantil de Valencia: Tomo 10426, Libro 7707, Folio 42, Hoja V-179615.<\/li><\/ul>\t\t\t\t\t\t<\/div>\n\t\t\t\t<\/div>\n\t\t\t\t<\/div>\n\t\t\t\t<\/div>","protected":false},"excerpt":{"rendered":"<p>Aviso legal 1.- Informaci\u00f3n relativa cumplimiento art\u00edculo 10 LSSICE El presente portal Web y todo su contenido, incluido los servicios prestados pertenece a Talleres Daumar, S.L. CIF: B-08463424 con Domicilio Social en Pol. Ind. Campo An\u00edbal \u2013 C\/ Barranc Pascual, 41, 46530 Pu\u00e7ol (Valencia) Espa\u00f1a. Inscrita en el Registro Mercantil de Valencia: Tomo 10426, Libro [&hellip;]<\/p>","protected":false},"author":1,"featured_media":0,"parent":0,"menu_order":0,"comment_status":"closed","ping_status":"closed","template":"elementor_header_footer","meta":{"footnotes":""},"class_list":["post-64","page","type-page","status-publish","hentry"],"_links":{"self":[{"href":"https:\/\/www.daumarzero.com\/en\/wp-json\/wp\/v2\/pages\/64"}],"collection":[{"href":"https:\/\/www.daumarzero.com\/en\/wp-json\/wp\/v2\/pages"}],"about":[{"href":"https:\/\/www.daumarzero.com\/en\/wp-json\/wp\/v2\/types\/page"}],"author":[{"embeddable":true,"href":"https:\/\/www.daumarzero.com\/en\/wp-json\/wp\/v2\/users\/1"}],"replies":[{"embeddable":true,"href":"https:\/\/www.daumarzero.com\/en\/wp-json\/wp\/v2\/comments?post=64"}],"version-history":[{"count":13,"href":"https:\/\/www.daumarzero.com\/en\/wp-json\/wp\/v2\/pages\/64\/revisions"}],"predecessor-version":[{"id":247,"href":"https:\/\/www.daumarzero.com\/en\/wp-json\/wp\/v2\/pages\/64\/revisions\/247"}],"wp:attachment":[{"href":"https:\/\/www.daumarzero.com\/en\/wp-json\/wp\/v2\/media?parent=64"}],"curies":[{"name":"wp","href":"https:\/\/api.w.org\/{rel}","templated":true}]}}